{"id":2852,"date":"2025-11-26T08:47:27","date_gmt":"2025-11-26T08:47:27","guid":{"rendered":"https:\/\/irena-joaillerie.ch\/fr\/?post_type=product&#038;p=2852"},"modified":"2025-12-04T14:18:28","modified_gmt":"2025-12-04T14:18:28","slug":"bracelet-trefle-en-or-rose-18k-serti-de-diamant","status":"publish","type":"product","link":"https:\/\/irena-joaillerie.ch\/fr\/shop\/bracelet-trefle-en-or-rose-18k-serti-de-diamant\/","title":{"rendered":"Bracelet \u00ab\u00a0Tr\u00e8fle\u00a0\u00bb en or rose 18k serti de diamant"},"content":{"rendered":"<p>Une petite plante toute simple et pourtant depuis des si\u00e8cles on attribue au tr\u00e8fle \u00e0 quatre feuilles de pr\u00e9cieuses vertues : bonheur, chance et m\u00eame pouvoirs magiques.<br \/>\nMythe ou r\u00e9alit\u00e9? A vous de d\u00e9cider.<\/p>\n<p>Vous pouvez personnaliser votre bracelet en choisissant la couleur de la pierre qui vous correspond.<\/p>\n<p>Nos bijoux sont enti\u00e8rement con\u00e7us et fabriqu\u00e9s dans nos ateliers genevois.<\/p>\n","protected":false},"excerpt":{"rendered":"<p>R\u00e9f.74 \u2013 Bracelet \u201cTr\u00e8fle\u201d en or rose 18k serti de:<br \/>\n1 Diamant VS 2.5mm 0.06ct.<br \/>\nPoids de l&rsquo;or: 4.00gr.<br \/>\nLongueur de la cha\u00eene 16-18cm.<\/p>\n","protected":false},"featured_media":2859,"template":"","meta":[],"product_brand":[],"product_cat":[34],"product_tag":[51,33,47],"class_list":{"0":"post-2852","1":"product","2":"type-product","3":"status-publish","4":"has-post-thumbnail","6":"product_cat-bracelets","7":"product_tag-diamant","8":"product_tag-protection","9":"product_tag-or-rose","11":"first","12":"instock","13":"shipping-taxable","14":"purchasable","15":"product-type-simple"},"_links":{"self":[{"href":"https:\/\/irena-joaillerie.ch\/fr\/wp-json\/wp\/v2\/product\/2852","targetHints":{"allow":["GET"]}}],"collection":[{"href":"https:\/\/irena-joaillerie.ch\/fr\/wp-json\/wp\/v2\/product"}],"about":[{"href":"https:\/\/irena-joaillerie.ch\/fr\/wp-json\/wp\/v2\/types\/product"}],"wp:featuredmedia":[{"embeddable":true,"href":"https:\/\/irena-joaillerie.ch\/fr\/wp-json\/wp\/v2\/media\/2859"}],"wp:attachment":[{"href":"https:\/\/irena-joaillerie.ch\/fr\/wp-json\/wp\/v2\/media?parent=2852"}],"wp:term":[{"taxonomy":"product_brand","embeddable":true,"href":"https:\/\/irena-joaillerie.ch\/fr\/wp-json\/wp\/v2\/product_brand?post=2852"},{"taxonomy":"product_cat","embeddable":true,"href":"https:\/\/irena-joaillerie.ch\/fr\/wp-json\/wp\/v2\/product_cat?post=2852"},{"taxonomy":"product_tag","embeddable":true,"href":"https:\/\/irena-joaillerie.ch\/fr\/wp-json\/wp\/v2\/product_tag?post=2852"}],"curies":[{"name":"wp","href":"https:\/\/api.w.org\/{rel}","templated":true}]}}