{"id":2847,"date":"2025-11-24T10:18:42","date_gmt":"2025-11-24T10:18:42","guid":{"rendered":"https:\/\/irena-joaillerie.ch\/fr\/?post_type=product&#038;p=2847"},"modified":"2025-12-07T16:07:05","modified_gmt":"2025-12-07T16:07:05","slug":"boucles-doreilles-trefle-en-or-rose-18k-diamant-et-tsavorite","status":"publish","type":"product","link":"https:\/\/irena-joaillerie.ch\/fr\/shop\/boucles-doreilles-trefle-en-or-rose-18k-diamant-et-tsavorite\/","title":{"rendered":"Boucles d&rsquo;oreilles Tr\u00e8fle en or rose 18k diamant et tsavorite"},"content":{"rendered":"<p>Une petite plante toute simple et pourtant depuis des si\u00e8cles on attribue au tr\u00e8fle \u00e0 quatre feuilles de pr\u00e9cieuses vertues : bonheur, chance et m\u00eame pouvoirs magiques.<br \/>\nMythe ou r\u00e9alit\u00e9? A vous de d\u00e9cider.<\/p>\n<p>Vous pouvez personnaliser votre paire de boucles d\u2019oreilles en choisissant les couleurs des pierres qui vous correspondent.<\/p>\n<p>Nos bijoux sont enti\u00e8rement con\u00e7us et fabriqu\u00e9s dans nos ateliers genevois.<\/p>\n","protected":false},"excerpt":{"rendered":"<p>R\u00e9f.9 &#8211; Boucles d&rsquo;oreilles \u00ab\u00a0Tr\u00e8fle\u00a0\u00bb en or rose 18k serties de :<br \/>\n1 diamant VS2 0.05ct.<br \/>\n1 tsavorite 0.05ct<br \/>\nPoids de l&rsquo;or: 8.00gr.<\/p>\n","protected":false},"featured_media":1003,"template":"","meta":[],"product_brand":[],"product_cat":[36],"product_tag":[87,51,33,47,82,52],"class_list":{"0":"post-2847","1":"product","2":"type-product","3":"status-publish","4":"has-post-thumbnail","6":"product_cat-boucles-oreilles","7":"product_tag-boucles-doreilles","8":"product_tag-diamant","9":"product_tag-protection","10":"product_tag-or-rose","11":"product_tag-trefle","12":"product_tag-tsavorite","14":"first","15":"outofstock","16":"shipping-taxable","17":"purchasable","18":"product-type-simple"},"_links":{"self":[{"href":"https:\/\/irena-joaillerie.ch\/fr\/wp-json\/wp\/v2\/product\/2847","targetHints":{"allow":["GET"]}}],"collection":[{"href":"https:\/\/irena-joaillerie.ch\/fr\/wp-json\/wp\/v2\/product"}],"about":[{"href":"https:\/\/irena-joaillerie.ch\/fr\/wp-json\/wp\/v2\/types\/product"}],"wp:featuredmedia":[{"embeddable":true,"href":"https:\/\/irena-joaillerie.ch\/fr\/wp-json\/wp\/v2\/media\/1003"}],"wp:attachment":[{"href":"https:\/\/irena-joaillerie.ch\/fr\/wp-json\/wp\/v2\/media?parent=2847"}],"wp:term":[{"taxonomy":"product_brand","embeddable":true,"href":"https:\/\/irena-joaillerie.ch\/fr\/wp-json\/wp\/v2\/product_brand?post=2847"},{"taxonomy":"product_cat","embeddable":true,"href":"https:\/\/irena-joaillerie.ch\/fr\/wp-json\/wp\/v2\/product_cat?post=2847"},{"taxonomy":"product_tag","embeddable":true,"href":"https:\/\/irena-joaillerie.ch\/fr\/wp-json\/wp\/v2\/product_tag?post=2847"}],"curies":[{"name":"wp","href":"https:\/\/api.w.org\/{rel}","templated":true}]}}