{"id":258,"date":"2022-04-26T13:51:07","date_gmt":"2022-04-26T13:51:07","guid":{"rendered":"https:\/\/irena-joaillerie.ch\/?post_type=product&#038;p=258"},"modified":"2025-06-30T13:06:08","modified_gmt":"2025-06-30T13:06:08","slug":"bracelet-regard-diamants","status":"publish","type":"product","link":"https:\/\/irena-joaillerie.ch\/fr\/shop\/bracelet-regard-diamants\/","title":{"rendered":"Bracelet \u00ab\u00a0Protection\u00a0\u00bb r\u00e9versible en or rose 18k diamants"},"content":{"rendered":"<p>En guise de talisman, un clin d&rsquo;\u0153il et l&rsquo;\u00e9clat des diamants. Un regard sur le monde contre les mauvaises ondes.<\/p>\n<p>Nos bijoux sont enti\u00e8rement con\u00e7us et fabriqu\u00e9s dans nos ateliers genevois.<\/p>\n","protected":false},"excerpt":{"rendered":"<p>R\u00e9f.11 &#8211; Bracelet \u00ab\u00a0Protection\u00a0\u00bb r\u00e9versible en or rose 18k serti de:<br \/>\n1 \u0153il en nacre 3.00ct.<br \/>\n4 diamants VS2 0.26ct.<br \/>\nPoids de l&rsquo;or 4.70gr.<\/p>\n","protected":false},"featured_media":1332,"template":"","meta":[],"product_brand":[],"product_cat":[34],"product_tag":[90,51,33,89,47],"class_list":{"0":"post-258","1":"product","2":"type-product","3":"status-publish","4":"has-post-thumbnail","6":"product_cat-bracelets","7":"product_tag-bracelet","8":"product_tag-diamant","9":"product_tag-protection","10":"product_tag-nacre","11":"product_tag-or-rose","13":"first","14":"instock","15":"shipping-taxable","16":"purchasable","17":"product-type-simple"},"_links":{"self":[{"href":"https:\/\/irena-joaillerie.ch\/fr\/wp-json\/wp\/v2\/product\/258","targetHints":{"allow":["GET"]}}],"collection":[{"href":"https:\/\/irena-joaillerie.ch\/fr\/wp-json\/wp\/v2\/product"}],"about":[{"href":"https:\/\/irena-joaillerie.ch\/fr\/wp-json\/wp\/v2\/types\/product"}],"wp:featuredmedia":[{"embeddable":true,"href":"https:\/\/irena-joaillerie.ch\/fr\/wp-json\/wp\/v2\/media\/1332"}],"wp:attachment":[{"href":"https:\/\/irena-joaillerie.ch\/fr\/wp-json\/wp\/v2\/media?parent=258"}],"wp:term":[{"taxonomy":"product_brand","embeddable":true,"href":"https:\/\/irena-joaillerie.ch\/fr\/wp-json\/wp\/v2\/product_brand?post=258"},{"taxonomy":"product_cat","embeddable":true,"href":"https:\/\/irena-joaillerie.ch\/fr\/wp-json\/wp\/v2\/product_cat?post=258"},{"taxonomy":"product_tag","embeddable":true,"href":"https:\/\/irena-joaillerie.ch\/fr\/wp-json\/wp\/v2\/product_tag?post=258"}],"curies":[{"name":"wp","href":"https:\/\/api.w.org\/{rel}","templated":true}]}}