{"id":2451,"date":"2023-09-20T08:21:03","date_gmt":"2023-09-20T08:21:03","guid":{"rendered":"https:\/\/irena-joaillerie.ch\/fr\/?post_type=product&#038;p=2451"},"modified":"2025-04-25T14:20:21","modified_gmt":"2025-04-25T14:20:21","slug":"boucles-doreilles-opale-en-or-rose-18k","status":"publish","type":"product","link":"https:\/\/irena-joaillerie.ch\/fr\/shop\/boucles-doreilles-opale-en-or-rose-18k\/","title":{"rendered":"Boucles d&rsquo;oreilles \u00ab\u00a0Opale\u00a0\u00bb en or rose 18k serties d&rsquo;opales et de diamants."},"content":{"rendered":"<p>Les bijoux Forever Ever se moquent des tendances et sont fiers de leurs ligne sobres et traditionnelles.<\/p>\n<p>Opale est une pierre pr\u00e9cieuse, qui est une vari\u00e9t\u00e9 de silice hydrat\u00e9e. L&rsquo;une de ses caract\u00e9ristiques est d&rsquo;avoir des reflets changeants. <\/p>\n<p>Vous pouvez personnaliser votre paire de boucles d\u2019oreilles en choisissant les couleurs des pierres qui vous correspondent.<\/p>\n<p>Nos bijoux sont enti\u00e8rement con\u00e7us et fabriqu\u00e9s dans nos ateliers genevois. <\/p>\n","protected":false},"excerpt":{"rendered":"<p>R\u00e9f.70 &#8211; Boucles d&rsquo;oreilles \u00ab\u00a0Opale\u00a0\u00bb en or rose 18k serties de:<br \/>\n2 opales en forme de gouttes 3.13ct.<br \/>\n18 diamants 0.07ct.<br \/>\nPoids de l&rsquo;or 1.90gr.<\/p>\n","protected":false},"featured_media":2638,"template":"","meta":[],"product_brand":[],"product_cat":[36],"product_tag":[91,87,61,57,105,92],"class_list":{"0":"post-2451","1":"product","2":"type-product","3":"status-publish","4":"has-post-thumbnail","6":"product_cat-boucles-oreilles","7":"product_tag-bijoux","8":"product_tag-boucles-doreilles","9":"product_tag-diamants","10":"product_tag-ligne-forever-ever","11":"product_tag-opale","12":"product_tag-or","14":"first","15":"instock","16":"shipping-taxable","17":"purchasable","18":"product-type-simple"},"_links":{"self":[{"href":"https:\/\/irena-joaillerie.ch\/fr\/wp-json\/wp\/v2\/product\/2451","targetHints":{"allow":["GET"]}}],"collection":[{"href":"https:\/\/irena-joaillerie.ch\/fr\/wp-json\/wp\/v2\/product"}],"about":[{"href":"https:\/\/irena-joaillerie.ch\/fr\/wp-json\/wp\/v2\/types\/product"}],"wp:featuredmedia":[{"embeddable":true,"href":"https:\/\/irena-joaillerie.ch\/fr\/wp-json\/wp\/v2\/media\/2638"}],"wp:attachment":[{"href":"https:\/\/irena-joaillerie.ch\/fr\/wp-json\/wp\/v2\/media?parent=2451"}],"wp:term":[{"taxonomy":"product_brand","embeddable":true,"href":"https:\/\/irena-joaillerie.ch\/fr\/wp-json\/wp\/v2\/product_brand?post=2451"},{"taxonomy":"product_cat","embeddable":true,"href":"https:\/\/irena-joaillerie.ch\/fr\/wp-json\/wp\/v2\/product_cat?post=2451"},{"taxonomy":"product_tag","embeddable":true,"href":"https:\/\/irena-joaillerie.ch\/fr\/wp-json\/wp\/v2\/product_tag?post=2451"}],"curies":[{"name":"wp","href":"https:\/\/api.w.org\/{rel}","templated":true}]}}