{"id":2286,"date":"2023-06-16T13:04:46","date_gmt":"2023-06-16T13:04:46","guid":{"rendered":"https:\/\/irena-joaillerie.ch\/fr\/?post_type=product&#038;p=2286"},"modified":"2025-06-26T13:36:52","modified_gmt":"2025-06-26T13:36:52","slug":"bague-akoya-en-or-rose-18k-perles","status":"publish","type":"product","link":"https:\/\/irena-joaillerie.ch\/fr\/shop\/bague-akoya-en-or-rose-18k-perles\/","title":{"rendered":"Bague \u00ab\u00a0Akoya\u00a0\u00bb en or rose 18k perles"},"content":{"rendered":"<p>Le nom Akoya est la traduction japonaise d&rsquo;eau sal\u00e9e. Les perles Akoya sont connues sous le nom de perles de culture d&rsquo;eau sal\u00e9e.<\/p>\n<p>Nos bijoux sont enti\u00e8rement con\u00e7us et fabriqu\u00e9s dans nos ateliers genevois. <\/p>\n","protected":false},"excerpt":{"rendered":"<p>R\u00e9f.61 &#8211; Bague \u00ab\u00a0Akoya\u00a0\u00bb en or rose 18k sertie de:<br \/>\n2 perles Akoya 8-8.5mm 7.88ct.<br \/>\nPoids de l&rsquo;or 3.10gr.<\/p>\n","protected":false},"featured_media":2287,"template":"","meta":[],"product_brand":[],"product_cat":[32],"product_tag":[100,86,91,92,46,95],"class_list":{"0":"post-2286","1":"product","2":"type-product","3":"status-publish","4":"has-post-thumbnail","6":"product_cat-bagues","7":"product_tag-akoya","8":"product_tag-bague","9":"product_tag-bijoux","10":"product_tag-or","11":"product_tag-perles","12":"product_tag-together","14":"first","15":"instock","16":"shipping-taxable","17":"purchasable","18":"product-type-simple"},"_links":{"self":[{"href":"https:\/\/irena-joaillerie.ch\/fr\/wp-json\/wp\/v2\/product\/2286","targetHints":{"allow":["GET"]}}],"collection":[{"href":"https:\/\/irena-joaillerie.ch\/fr\/wp-json\/wp\/v2\/product"}],"about":[{"href":"https:\/\/irena-joaillerie.ch\/fr\/wp-json\/wp\/v2\/types\/product"}],"wp:featuredmedia":[{"embeddable":true,"href":"https:\/\/irena-joaillerie.ch\/fr\/wp-json\/wp\/v2\/media\/2287"}],"wp:attachment":[{"href":"https:\/\/irena-joaillerie.ch\/fr\/wp-json\/wp\/v2\/media?parent=2286"}],"wp:term":[{"taxonomy":"product_brand","embeddable":true,"href":"https:\/\/irena-joaillerie.ch\/fr\/wp-json\/wp\/v2\/product_brand?post=2286"},{"taxonomy":"product_cat","embeddable":true,"href":"https:\/\/irena-joaillerie.ch\/fr\/wp-json\/wp\/v2\/product_cat?post=2286"},{"taxonomy":"product_tag","embeddable":true,"href":"https:\/\/irena-joaillerie.ch\/fr\/wp-json\/wp\/v2\/product_tag?post=2286"}],"curies":[{"name":"wp","href":"https:\/\/api.w.org\/{rel}","templated":true}]}}