{"id":2225,"date":"2023-06-09T13:20:53","date_gmt":"2023-06-09T13:20:53","guid":{"rendered":"https:\/\/irena-joaillerie.ch\/fr\/?post_type=product&#038;p=2225"},"modified":"2025-02-18T12:27:24","modified_gmt":"2025-02-18T12:27:24","slug":"boucles-doreilles-lagon-bleu-en-or-rose-18k-beryl-et-diamants","status":"publish","type":"product","link":"https:\/\/irena-joaillerie.ch\/fr\/shop\/boucles-doreilles-lagon-bleu-en-or-rose-18k-beryl-et-diamants\/","title":{"rendered":"Boucles d&rsquo;oreilles \u00ab\u00a0Lagon bleu\u00a0\u00bb en or rose 18k serties de b\u00e9ryls et de diamants"},"content":{"rendered":"<p>Les bijoux Forever Ever se moquent des tendances et sont fiers de leurs ligne sobres et traditionnelles.<\/p>\n<p>Vous pouvez personnaliser votre paire de boucles d\u2019oreilles en choisissant les couleurs des pierres qui vous correspondent.<\/p>\n<p>Nos bijoux sont enti\u00e8rement con\u00e7us et fabriqu\u00e9s dans nos ateliers genevois.<\/p>\n","protected":false},"excerpt":{"rendered":"<p>R\u00e9f.50 &#8211; Boucles d&rsquo;oreilles \u00ab\u00a0Lagon Bleu\u00a0\u00bb en or rose 18k serties de:<br \/>\n2 b\u00e9ryls bleus 4.47ct.<br \/>\n18 diamants 0.08ct.<br \/>\nPoids de l&rsquo;or 1.80gr.<\/p>\n","protected":false},"featured_media":2274,"template":"","meta":[],"product_brand":[],"product_cat":[36],"product_tag":[93,91,87,61,94,57,92],"class_list":{"0":"post-2225","1":"product","2":"type-product","3":"status-publish","4":"has-post-thumbnail","6":"product_cat-boucles-oreilles","7":"product_tag-beryls","8":"product_tag-bijoux","9":"product_tag-boucles-doreilles","10":"product_tag-diamants","11":"product_tag-lagon-bleu","12":"product_tag-ligne-forever-ever","13":"product_tag-or","15":"first","16":"instock","17":"shipping-taxable","18":"purchasable","19":"product-type-simple"},"_links":{"self":[{"href":"https:\/\/irena-joaillerie.ch\/fr\/wp-json\/wp\/v2\/product\/2225","targetHints":{"allow":["GET"]}}],"collection":[{"href":"https:\/\/irena-joaillerie.ch\/fr\/wp-json\/wp\/v2\/product"}],"about":[{"href":"https:\/\/irena-joaillerie.ch\/fr\/wp-json\/wp\/v2\/types\/product"}],"wp:featuredmedia":[{"embeddable":true,"href":"https:\/\/irena-joaillerie.ch\/fr\/wp-json\/wp\/v2\/media\/2274"}],"wp:attachment":[{"href":"https:\/\/irena-joaillerie.ch\/fr\/wp-json\/wp\/v2\/media?parent=2225"}],"wp:term":[{"taxonomy":"product_brand","embeddable":true,"href":"https:\/\/irena-joaillerie.ch\/fr\/wp-json\/wp\/v2\/product_brand?post=2225"},{"taxonomy":"product_cat","embeddable":true,"href":"https:\/\/irena-joaillerie.ch\/fr\/wp-json\/wp\/v2\/product_cat?post=2225"},{"taxonomy":"product_tag","embeddable":true,"href":"https:\/\/irena-joaillerie.ch\/fr\/wp-json\/wp\/v2\/product_tag?post=2225"}],"curies":[{"name":"wp","href":"https:\/\/api.w.org\/{rel}","templated":true}]}}