{"id":2140,"date":"2023-01-09T10:32:10","date_gmt":"2023-01-09T10:32:10","guid":{"rendered":"https:\/\/irena-joaillerie.ch\/fr\/?post_type=product&#038;p=2140"},"modified":"2025-06-30T12:53:58","modified_gmt":"2025-06-30T12:53:58","slug":"collier-trefle-en-or-blanc-18k","status":"publish","type":"product","link":"https:\/\/irena-joaillerie.ch\/fr\/shop\/collier-trefle-en-or-blanc-18k\/","title":{"rendered":"Collier \u00ab\u00a0Tr\u00e8fle\u00a0\u00bb en or blanc 18k saphir"},"content":{"rendered":"<p>Une petite plante toute simple et pourtant depuis des si\u00e8cles on attribue au tr\u00e8fle \u00e0 quatre feuilles de pr\u00e9cieuses vertues : bonheur, chance et m\u00eame pouvoirs magiques.<br \/>\nMythe ou r\u00e9alit\u00e9? A vous de d\u00e9cider.<\/p>\n<p>Vous pouvez personnaliser votre collier en choisissant la couleur de la pierre qui vous correspondent.<\/p>\n<p>Nos bijoux sont enti\u00e8rement con\u00e7us et fabriqu\u00e9s dans nos ateliers genevois.<\/p>\n","protected":false},"excerpt":{"rendered":"<p>R\u00e9f.31 &#8211; Collier \u00ab\u00a0Tr\u00e8fle\u00a0\u00bb en or blanc 18k serti de:<br \/>\n1 Saphir 0.06ct.<br \/>\nLongueur de la cha\u00eene 42-45cm.<\/p>\n","protected":false},"featured_media":1018,"template":"","meta":[],"product_brand":[],"product_cat":[37],"product_tag":[88,33,42,45,82],"class_list":{"0":"post-2140","1":"product","2":"type-product","3":"status-publish","4":"has-post-thumbnail","6":"product_cat-colliers","7":"product_tag-collier","8":"product_tag-protection","9":"product_tag-or-blanc","10":"product_tag-saphir","11":"product_tag-trefle","13":"first","14":"instock","15":"shipping-taxable","16":"purchasable","17":"product-type-simple"},"_links":{"self":[{"href":"https:\/\/irena-joaillerie.ch\/fr\/wp-json\/wp\/v2\/product\/2140","targetHints":{"allow":["GET"]}}],"collection":[{"href":"https:\/\/irena-joaillerie.ch\/fr\/wp-json\/wp\/v2\/product"}],"about":[{"href":"https:\/\/irena-joaillerie.ch\/fr\/wp-json\/wp\/v2\/types\/product"}],"wp:featuredmedia":[{"embeddable":true,"href":"https:\/\/irena-joaillerie.ch\/fr\/wp-json\/wp\/v2\/media\/1018"}],"wp:attachment":[{"href":"https:\/\/irena-joaillerie.ch\/fr\/wp-json\/wp\/v2\/media?parent=2140"}],"wp:term":[{"taxonomy":"product_brand","embeddable":true,"href":"https:\/\/irena-joaillerie.ch\/fr\/wp-json\/wp\/v2\/product_brand?post=2140"},{"taxonomy":"product_cat","embeddable":true,"href":"https:\/\/irena-joaillerie.ch\/fr\/wp-json\/wp\/v2\/product_cat?post=2140"},{"taxonomy":"product_tag","embeddable":true,"href":"https:\/\/irena-joaillerie.ch\/fr\/wp-json\/wp\/v2\/product_tag?post=2140"}],"curies":[{"name":"wp","href":"https:\/\/api.w.org\/{rel}","templated":true}]}}