{"id":2127,"date":"2023-01-06T09:09:15","date_gmt":"2023-01-06T09:09:15","guid":{"rendered":"https:\/\/irena-joaillerie.ch\/fr\/?post_type=product&#038;p=2127"},"modified":"2023-09-12T12:03:28","modified_gmt":"2023-09-12T12:03:28","slug":"boucles-doreilles-amethystes-en-or-rose-18k","status":"publish","type":"product","link":"https:\/\/irena-joaillerie.ch\/fr\/shop\/boucles-doreilles-amethystes-en-or-rose-18k\/","title":{"rendered":"Boucles d&rsquo;oreilles \u00ab\u00a0Am\u00e9thystes\u00a0\u00bb en or rose 18k"},"content":{"rendered":"<p>Ligne \u00ab\u00a0<a href=\"https:\/\/irena-joaillerie.ch\/fr\/shop\/collection\/ligne-one-of-a-kind\/\">One of a kind<\/a>\u00ab\u00a0:<br \/>\nUniques, \u00e0 votre image, ces bijoux sont r\u00e9alis\u00e9s exclusivement une seule fois.<\/p>\n<p>Vous pouvez personnaliser votre boucles d&rsquo;oreilles en choisissant la couleur de la pierre qui vous correspondent.<\/p>\n<p>Nos bijoux sont enti\u00e8rement con\u00e7us et fabriqu\u00e9s dans nos ateliers genevois.<\/p>\n","protected":false},"excerpt":{"rendered":"<p>Boucles d&rsquo;oreilles \u00ab\u00a0Am\u00e9thystes\u00a0\u00bb en or rose 18k serties de diamants et d&rsquo;am\u00e9thystes.<\/p>\n","protected":false},"featured_media":2128,"template":"","meta":[],"product_brand":[],"product_cat":[36],"product_tag":[76,61,59,47],"class_list":{"0":"post-2127","1":"product","2":"type-product","3":"status-publish","4":"has-post-thumbnail","6":"product_cat-boucles-oreilles","7":"product_tag-amethystes","8":"product_tag-diamants","9":"product_tag-ligne-one-of-a-kind","10":"product_tag-or-rose","12":"first","13":"outofstock","14":"shipping-taxable","15":"purchasable","16":"product-type-simple"},"_links":{"self":[{"href":"https:\/\/irena-joaillerie.ch\/fr\/wp-json\/wp\/v2\/product\/2127","targetHints":{"allow":["GET"]}}],"collection":[{"href":"https:\/\/irena-joaillerie.ch\/fr\/wp-json\/wp\/v2\/product"}],"about":[{"href":"https:\/\/irena-joaillerie.ch\/fr\/wp-json\/wp\/v2\/types\/product"}],"wp:featuredmedia":[{"embeddable":true,"href":"https:\/\/irena-joaillerie.ch\/fr\/wp-json\/wp\/v2\/media\/2128"}],"wp:attachment":[{"href":"https:\/\/irena-joaillerie.ch\/fr\/wp-json\/wp\/v2\/media?parent=2127"}],"wp:term":[{"taxonomy":"product_brand","embeddable":true,"href":"https:\/\/irena-joaillerie.ch\/fr\/wp-json\/wp\/v2\/product_brand?post=2127"},{"taxonomy":"product_cat","embeddable":true,"href":"https:\/\/irena-joaillerie.ch\/fr\/wp-json\/wp\/v2\/product_cat?post=2127"},{"taxonomy":"product_tag","embeddable":true,"href":"https:\/\/irena-joaillerie.ch\/fr\/wp-json\/wp\/v2\/product_tag?post=2127"}],"curies":[{"name":"wp","href":"https:\/\/api.w.org\/{rel}","templated":true}]}}