{"id":1991,"date":"2022-12-14T09:52:22","date_gmt":"2022-12-14T09:52:22","guid":{"rendered":"https:\/\/irena-joaillerie.ch\/fr\/?post_type=product&#038;p=1991"},"modified":"2025-02-18T12:51:30","modified_gmt":"2025-02-18T12:51:30","slug":"bracelet-trefle-reversible-or-blanc-18k","status":"publish","type":"product","link":"https:\/\/irena-joaillerie.ch\/fr\/shop\/bracelet-trefle-reversible-or-blanc-18k\/","title":{"rendered":"Bracelet \u00ab\u00a0Tr\u00e8fle\u00a0\u00bb r\u00e9versible or blanc 18k serti de diamant et de saphir"},"content":{"rendered":"<p>Une petite plante toute simple et pourtant depuis des si\u00e8cles on attribue au tr\u00e8fle \u00e0 quatre feuilles de pr\u00e9cieuses vertues : bonheur, chance et m\u00eame pouvoirs magiques.<br \/>\nMythe ou r\u00e9alit\u00e9? A vous de d\u00e9cider.<\/p>\n<p>Nos bijoux sont enti\u00e8rement con\u00e7us et fabriqu\u00e9s dans nos ateliers genevois.<\/p>\n","protected":false},"excerpt":{"rendered":"<p>Bracelet \u00ab\u00a0Tr\u00e8fle\u00a0\u00bb r\u00e9versible en or blanc 18k serti de:<br \/>\n1 diamant VS2 0.06ct.<br \/>\n1 saphir 0.08ct.<br \/>\nPoids de l&rsquo;or 5.00gr.<\/p>\n","protected":false},"featured_media":1992,"template":"","meta":[],"product_brand":[],"product_cat":[34],"product_tag":[90,51,33,47,45,82],"class_list":{"0":"post-1991","1":"product","2":"type-product","3":"status-publish","4":"has-post-thumbnail","6":"product_cat-bracelets","7":"product_tag-bracelet","8":"product_tag-diamant","9":"product_tag-protection","10":"product_tag-or-rose","11":"product_tag-saphir","12":"product_tag-trefle","14":"first","15":"instock","16":"shipping-taxable","17":"purchasable","18":"product-type-simple"},"_links":{"self":[{"href":"https:\/\/irena-joaillerie.ch\/fr\/wp-json\/wp\/v2\/product\/1991","targetHints":{"allow":["GET"]}}],"collection":[{"href":"https:\/\/irena-joaillerie.ch\/fr\/wp-json\/wp\/v2\/product"}],"about":[{"href":"https:\/\/irena-joaillerie.ch\/fr\/wp-json\/wp\/v2\/types\/product"}],"wp:featuredmedia":[{"embeddable":true,"href":"https:\/\/irena-joaillerie.ch\/fr\/wp-json\/wp\/v2\/media\/1992"}],"wp:attachment":[{"href":"https:\/\/irena-joaillerie.ch\/fr\/wp-json\/wp\/v2\/media?parent=1991"}],"wp:term":[{"taxonomy":"product_brand","embeddable":true,"href":"https:\/\/irena-joaillerie.ch\/fr\/wp-json\/wp\/v2\/product_brand?post=1991"},{"taxonomy":"product_cat","embeddable":true,"href":"https:\/\/irena-joaillerie.ch\/fr\/wp-json\/wp\/v2\/product_cat?post=1991"},{"taxonomy":"product_tag","embeddable":true,"href":"https:\/\/irena-joaillerie.ch\/fr\/wp-json\/wp\/v2\/product_tag?post=1991"}],"curies":[{"name":"wp","href":"https:\/\/api.w.org\/{rel}","templated":true}]}}