{"id":1964,"date":"2022-12-06T12:58:47","date_gmt":"2022-12-06T12:58:47","guid":{"rendered":"https:\/\/irena-joaillerie.ch\/fr\/?post_type=product&#038;p=1964"},"modified":"2025-12-15T13:19:43","modified_gmt":"2025-12-15T13:19:43","slug":"boucles-doreilles-jades-blanches","status":"publish","type":"product","link":"https:\/\/irena-joaillerie.ch\/fr\/shop\/boucles-doreilles-jades-blanches\/","title":{"rendered":"Boucles d&rsquo;oreilles \u00ab\u00a0Jades blanches\u00a0\u00bb en or blanc 18k diamants"},"content":{"rendered":"<p>Ligne \u00ab\u00a0<a href=\"https:\/\/irena-joaillerie.ch\/fr\/shop\/collection\/ligne-one-of-a-kind\/\">One of a kind<\/a>\u00ab\u00a0:<br \/>\nUniques, \u00e0 votre image, ces bijoux sont r\u00e9alis\u00e9s exclusivement une seule fois.<\/p>\n<p>Nos bijoux sont enti\u00e8rement con\u00e7us et fabriqu\u00e9s dans nos ateliers genevois.<\/p>\n","protected":false},"excerpt":{"rendered":"<p>R\u00e9f.34 &#8211; Boucles d&rsquo;oreilles \u00ab\u00a0Jade blanche\u00a0\u00bb en or blanc 18K serties de:<br \/>\n2 jades blanches 3.11gr.<br \/>\n2 diamants 0.09ct.<br \/>\n16 diamants 0.07ct.<\/p>\n<p>&nbsp;<\/p>\n","protected":false},"featured_media":1965,"template":"","meta":[],"product_brand":[],"product_cat":[36],"product_tag":[87,61,74,59,42],"class_list":{"0":"post-1964","1":"product","2":"type-product","3":"status-publish","4":"has-post-thumbnail","6":"product_cat-boucles-oreilles","7":"product_tag-boucles-doreilles","8":"product_tag-diamants","9":"product_tag-jades","10":"product_tag-ligne-one-of-a-kind","11":"product_tag-or-blanc","13":"first","14":"outofstock","15":"shipping-taxable","16":"purchasable","17":"product-type-simple"},"_links":{"self":[{"href":"https:\/\/irena-joaillerie.ch\/fr\/wp-json\/wp\/v2\/product\/1964","targetHints":{"allow":["GET"]}}],"collection":[{"href":"https:\/\/irena-joaillerie.ch\/fr\/wp-json\/wp\/v2\/product"}],"about":[{"href":"https:\/\/irena-joaillerie.ch\/fr\/wp-json\/wp\/v2\/types\/product"}],"wp:featuredmedia":[{"embeddable":true,"href":"https:\/\/irena-joaillerie.ch\/fr\/wp-json\/wp\/v2\/media\/1965"}],"wp:attachment":[{"href":"https:\/\/irena-joaillerie.ch\/fr\/wp-json\/wp\/v2\/media?parent=1964"}],"wp:term":[{"taxonomy":"product_brand","embeddable":true,"href":"https:\/\/irena-joaillerie.ch\/fr\/wp-json\/wp\/v2\/product_brand?post=1964"},{"taxonomy":"product_cat","embeddable":true,"href":"https:\/\/irena-joaillerie.ch\/fr\/wp-json\/wp\/v2\/product_cat?post=1964"},{"taxonomy":"product_tag","embeddable":true,"href":"https:\/\/irena-joaillerie.ch\/fr\/wp-json\/wp\/v2\/product_tag?post=1964"}],"curies":[{"name":"wp","href":"https:\/\/api.w.org\/{rel}","templated":true}]}}