{"id":1955,"date":"2022-12-05T14:22:35","date_gmt":"2022-12-05T14:22:35","guid":{"rendered":"https:\/\/irena-joaillerie.ch\/fr\/?post_type=product&#038;p=1955"},"modified":"2025-02-18T12:30:07","modified_gmt":"2025-02-18T12:30:07","slug":"boucles-doreilles-eclats-de-lune","status":"publish","type":"product","link":"https:\/\/irena-joaillerie.ch\/fr\/shop\/boucles-doreilles-eclats-de-lune\/","title":{"rendered":"Boucles d&rsquo;oreilles \u00ab\u00a0Eclats de Lune\u00a0\u00bb en or rouge 18k pierres de lunes et p\u00e9ridots"},"content":{"rendered":"<p>Les bijoux Forever Ever se moquent des tendances et sont fiers de leurs ligne sobres et traditionnelles.<\/p>\n<p>Vous pouvez personnaliser votre paire de boucles d\u2019oreilles en choisissant les couleurs des pierres qui vous correspondent.<\/p>\n<p>Nos bijoux sont enti\u00e8rement con\u00e7us et fabriqu\u00e9s dans nos ateliers genevois.<\/p>\n<p>ct. = carats<\/p>\n","protected":false},"excerpt":{"rendered":"<p>R\u00e9f.43 &#8211; Boucles d&rsquo;oreilles \u00ab\u00a0Eclats de lune\u00a0\u00bb en or rouge 18K serties de:<br \/>\n2 Pierres de lunes roses 10.62ct.<br \/>\n2 P\u00e9ridots 1.18ct.<br \/>\nPoids de l&rsquo;or 3.40gr.<\/p>\n","protected":false},"featured_media":1962,"template":"","meta":[],"product_brand":[],"product_cat":[36],"product_tag":[87,57,70,71,73],"class_list":{"0":"post-1955","1":"product","2":"type-product","3":"status-publish","4":"has-post-thumbnail","6":"product_cat-boucles-oreilles","7":"product_tag-boucles-doreilles","8":"product_tag-ligne-forever-ever","9":"product_tag-or-rouge","10":"product_tag-peridots","11":"product_tag-pierres-de-lunes","13":"first","14":"outofstock","15":"shipping-taxable","16":"purchasable","17":"product-type-simple"},"_links":{"self":[{"href":"https:\/\/irena-joaillerie.ch\/fr\/wp-json\/wp\/v2\/product\/1955","targetHints":{"allow":["GET"]}}],"collection":[{"href":"https:\/\/irena-joaillerie.ch\/fr\/wp-json\/wp\/v2\/product"}],"about":[{"href":"https:\/\/irena-joaillerie.ch\/fr\/wp-json\/wp\/v2\/types\/product"}],"wp:featuredmedia":[{"embeddable":true,"href":"https:\/\/irena-joaillerie.ch\/fr\/wp-json\/wp\/v2\/media\/1962"}],"wp:attachment":[{"href":"https:\/\/irena-joaillerie.ch\/fr\/wp-json\/wp\/v2\/media?parent=1955"}],"wp:term":[{"taxonomy":"product_brand","embeddable":true,"href":"https:\/\/irena-joaillerie.ch\/fr\/wp-json\/wp\/v2\/product_brand?post=1955"},{"taxonomy":"product_cat","embeddable":true,"href":"https:\/\/irena-joaillerie.ch\/fr\/wp-json\/wp\/v2\/product_cat?post=1955"},{"taxonomy":"product_tag","embeddable":true,"href":"https:\/\/irena-joaillerie.ch\/fr\/wp-json\/wp\/v2\/product_tag?post=1955"}],"curies":[{"name":"wp","href":"https:\/\/api.w.org\/{rel}","templated":true}]}}