{"id":1945,"date":"2022-12-05T14:08:12","date_gmt":"2022-12-05T14:08:12","guid":{"rendered":"https:\/\/irena-joaillerie.ch\/fr\/?post_type=product&#038;p=1945"},"modified":"2025-06-26T13:40:04","modified_gmt":"2025-06-26T13:40:04","slug":"bague-diamant-forever-ever","status":"publish","type":"product","link":"https:\/\/irena-joaillerie.ch\/fr\/shop\/bague-diamant-forever-ever\/","title":{"rendered":"Bague \u00ab\u00a0Forever ever\u00a0\u00bb en or jaune 18k diamants"},"content":{"rendered":"<p>Les bijoux Forever Ever se moquent des tendances et sont fiers de leurs ligne sobres et traditionnelles.<\/p>\n<p>Vous pouvez personnaliser votre bague en choisissant les couleurs des pierres qui vous correspondent.<\/p>\n<p>Nos bijoux sont enti\u00e8rement con\u00e7us et fabriqu\u00e9s dans nos ateliers genevois.<\/p>\n<p>ct. = carats<\/p>\n","protected":false},"excerpt":{"rendered":"<p>Bague \u00ab\u00a0Forever ever\u00a0\u00bb en or jaune 18k sertie de:<br \/>\n5 diamants GVVS 0.30ct.<br \/>\nPoids de l&rsquo;or : 5.42gr.<\/p>\n","protected":false},"featured_media":1950,"template":"","meta":[],"product_brand":[],"product_cat":[32],"product_tag":[86,51,57,101,48],"class_list":{"0":"post-1945","1":"product","2":"type-product","3":"status-publish","4":"has-post-thumbnail","6":"product_cat-bagues","7":"product_tag-bague","8":"product_tag-diamant","9":"product_tag-ligne-forever-ever","10":"product_tag-one-of-a-kind","11":"product_tag-or-jaune","13":"first","14":"instock","15":"shipping-taxable","16":"purchasable","17":"product-type-simple"},"_links":{"self":[{"href":"https:\/\/irena-joaillerie.ch\/fr\/wp-json\/wp\/v2\/product\/1945","targetHints":{"allow":["GET"]}}],"collection":[{"href":"https:\/\/irena-joaillerie.ch\/fr\/wp-json\/wp\/v2\/product"}],"about":[{"href":"https:\/\/irena-joaillerie.ch\/fr\/wp-json\/wp\/v2\/types\/product"}],"wp:featuredmedia":[{"embeddable":true,"href":"https:\/\/irena-joaillerie.ch\/fr\/wp-json\/wp\/v2\/media\/1950"}],"wp:attachment":[{"href":"https:\/\/irena-joaillerie.ch\/fr\/wp-json\/wp\/v2\/media?parent=1945"}],"wp:term":[{"taxonomy":"product_brand","embeddable":true,"href":"https:\/\/irena-joaillerie.ch\/fr\/wp-json\/wp\/v2\/product_brand?post=1945"},{"taxonomy":"product_cat","embeddable":true,"href":"https:\/\/irena-joaillerie.ch\/fr\/wp-json\/wp\/v2\/product_cat?post=1945"},{"taxonomy":"product_tag","embeddable":true,"href":"https:\/\/irena-joaillerie.ch\/fr\/wp-json\/wp\/v2\/product_tag?post=1945"}],"curies":[{"name":"wp","href":"https:\/\/api.w.org\/{rel}","templated":true}]}}