{"id":1661,"date":"2022-08-28T12:47:39","date_gmt":"2022-08-28T12:47:39","guid":{"rendered":"https:\/\/irena-joaillerie.ch\/fr\/?post_type=product&#038;p=1661"},"modified":"2025-06-30T13:01:22","modified_gmt":"2025-06-30T13:01:22","slug":"boucles-doreilles-together-or-18k","status":"publish","type":"product","link":"https:\/\/irena-joaillerie.ch\/fr\/shop\/boucles-doreilles-together-or-18k\/","title":{"rendered":"Boucles d&rsquo;oreilles \u00ab\u00a0Together\u00a0\u00bb en or rose 18k tourmalines Paraiba"},"content":{"rendered":"<p>Le n\u0153ud, la corde, ou le lien comme symbole puissant d\u2019attachement, d\u2019union, mais aussi repr\u00e9sentation philosophique ou spirituelle de vos pens\u00e9es.<\/p>\n<p>Vous pouvez personnaliser votre paire de boucles d\u2019oreilles en choisissant les couleurs des pierres qui vous correspondent.<\/p>\n<p>Nos bijoux sont enti\u00e8rement con\u00e7us et fabriqu\u00e9s dans nos ateliers genevois.<\/p>\n","protected":false},"excerpt":{"rendered":"<p>R\u00e9f.52 &#8211; Boucles d&rsquo;oreilles \u00ab\u00a0Together\u00a0\u00bb en or rose 18k serties de:<br \/>\n2 Tourmalines paraiba 0.12ct.<br \/>\nPoids de l&rsquo;or: 5.80gr.<\/p>\n","protected":false},"featured_media":1662,"template":"","meta":[],"product_brand":[],"product_cat":[36],"product_tag":[87,56,47,63],"class_list":{"0":"post-1661","1":"product","2":"type-product","3":"status-publish","4":"has-post-thumbnail","6":"product_cat-boucles-oreilles","7":"product_tag-boucles-doreilles","8":"product_tag-ligne-together","9":"product_tag-or-rose","10":"product_tag-tourmalines-paraiba","12":"first","13":"instock","14":"shipping-taxable","15":"purchasable","16":"product-type-simple"},"_links":{"self":[{"href":"https:\/\/irena-joaillerie.ch\/fr\/wp-json\/wp\/v2\/product\/1661","targetHints":{"allow":["GET"]}}],"collection":[{"href":"https:\/\/irena-joaillerie.ch\/fr\/wp-json\/wp\/v2\/product"}],"about":[{"href":"https:\/\/irena-joaillerie.ch\/fr\/wp-json\/wp\/v2\/types\/product"}],"wp:featuredmedia":[{"embeddable":true,"href":"https:\/\/irena-joaillerie.ch\/fr\/wp-json\/wp\/v2\/media\/1662"}],"wp:attachment":[{"href":"https:\/\/irena-joaillerie.ch\/fr\/wp-json\/wp\/v2\/media?parent=1661"}],"wp:term":[{"taxonomy":"product_brand","embeddable":true,"href":"https:\/\/irena-joaillerie.ch\/fr\/wp-json\/wp\/v2\/product_brand?post=1661"},{"taxonomy":"product_cat","embeddable":true,"href":"https:\/\/irena-joaillerie.ch\/fr\/wp-json\/wp\/v2\/product_cat?post=1661"},{"taxonomy":"product_tag","embeddable":true,"href":"https:\/\/irena-joaillerie.ch\/fr\/wp-json\/wp\/v2\/product_tag?post=1661"}],"curies":[{"name":"wp","href":"https:\/\/api.w.org\/{rel}","templated":true}]}}