{"id":1337,"date":"2022-06-22T07:37:28","date_gmt":"2022-06-22T07:37:28","guid":{"rendered":"https:\/\/irena-joaillerie.ch\/fr\/?post_type=product&#038;p=1337"},"modified":"2025-11-20T13:36:30","modified_gmt":"2025-11-20T13:36:30","slug":"boucles-oreilles-perles-saphir","status":"publish","type":"product","link":"https:\/\/irena-joaillerie.ch\/fr\/shop\/boucles-oreilles-perles-saphir\/","title":{"rendered":"Boucles d&rsquo;oreilles \u00ab\u00a0Forever ever\u00a0\u00bb en or blanc 18k"},"content":{"rendered":"<p>Les bijoux Forever Ever se moquent des tendances et sont fiers de leurs ligne sobres et traditionnelles.<\/p>\n<p>Ces boucles d\u2019oreilles au design intemporel sont constitu\u00e9es de perles serties de saphirs.<\/p>\n<p>Vous pouvez personnaliser votre paire de boucles d\u2019oreilles en choisissant les couleurs des pierres qui vous correspondent.<\/p>\n<p>Nos bijoux sont enti\u00e8rement con\u00e7us et fabriqu\u00e9s dans nos ateliers genevois.<\/p>\n<p>ct. = carats<\/p>\n","protected":false},"excerpt":{"rendered":"<p>Boucles d&rsquo;oreilles \u00ab\u00a0Forever ever\u00a0\u00bb en or blanc 18k :<br \/>\n2 Saphirs 0.05ct.<br \/>\n2 Perles<\/p>\n","protected":false},"featured_media":1071,"template":"","meta":[],"product_brand":[],"product_cat":[36],"product_tag":[51,61,57,42,46],"class_list":{"0":"post-1337","1":"product","2":"type-product","3":"status-publish","4":"has-post-thumbnail","6":"product_cat-boucles-oreilles","7":"product_tag-diamant","8":"product_tag-diamants","9":"product_tag-ligne-forever-ever","10":"product_tag-or-blanc","11":"product_tag-perles","13":"first","14":"outofstock","15":"shipping-taxable","16":"purchasable","17":"product-type-simple"},"_links":{"self":[{"href":"https:\/\/irena-joaillerie.ch\/fr\/wp-json\/wp\/v2\/product\/1337","targetHints":{"allow":["GET"]}}],"collection":[{"href":"https:\/\/irena-joaillerie.ch\/fr\/wp-json\/wp\/v2\/product"}],"about":[{"href":"https:\/\/irena-joaillerie.ch\/fr\/wp-json\/wp\/v2\/types\/product"}],"wp:featuredmedia":[{"embeddable":true,"href":"https:\/\/irena-joaillerie.ch\/fr\/wp-json\/wp\/v2\/media\/1071"}],"wp:attachment":[{"href":"https:\/\/irena-joaillerie.ch\/fr\/wp-json\/wp\/v2\/media?parent=1337"}],"wp:term":[{"taxonomy":"product_brand","embeddable":true,"href":"https:\/\/irena-joaillerie.ch\/fr\/wp-json\/wp\/v2\/product_brand?post=1337"},{"taxonomy":"product_cat","embeddable":true,"href":"https:\/\/irena-joaillerie.ch\/fr\/wp-json\/wp\/v2\/product_cat?post=1337"},{"taxonomy":"product_tag","embeddable":true,"href":"https:\/\/irena-joaillerie.ch\/fr\/wp-json\/wp\/v2\/product_tag?post=1337"}],"curies":[{"name":"wp","href":"https:\/\/api.w.org\/{rel}","templated":true}]}}