{"id":1052,"date":"2022-06-08T13:23:30","date_gmt":"2022-06-08T13:23:30","guid":{"rendered":"https:\/\/irena-joaillerie.ch\/fr\/?post_type=product&#038;p=1052"},"modified":"2025-12-04T14:21:15","modified_gmt":"2025-12-04T14:21:15","slug":"bague-together","status":"publish","type":"product","link":"https:\/\/irena-joaillerie.ch\/fr\/shop\/bague-together\/","title":{"rendered":"Bague \u00ab\u00a0Together\u00a0\u00bb en or rose 18k rubis"},"content":{"rendered":"<p>Le n\u0153ud, la corde, ou le lien comme symbole puissant d&rsquo;attachement, d&rsquo;union, mais aussi repr\u00e9sentation philosophique ou spirituelle de vos pens\u00e9es.<\/p>\n<p>Vous pouvez personnaliser votre bague en choisissant les couleurs des pierres qui vous correspondent.<\/p>\n<p>Nos bijoux sont enti\u00e8rement con\u00e7us et fabriqu\u00e9s dans nos ateliers genevois.<\/p>\n","protected":false},"excerpt":{"rendered":"<p>R\u00e9f.54 &#8211; Bague \u00ab\u00a0Together\u00a0\u00bb en or rose 18k:<br \/>\n1 rubis 0.24ct.<br \/>\nPoids de l&rsquo;or 5.20ct<\/p>\n","protected":false},"featured_media":1057,"template":"","meta":[],"product_brand":[],"product_cat":[32],"product_tag":[86,56,47,54,95],"class_list":{"0":"post-1052","1":"product","2":"type-product","3":"status-publish","4":"has-post-thumbnail","6":"product_cat-bagues","7":"product_tag-bague","8":"product_tag-ligne-together","9":"product_tag-or-rose","10":"product_tag-rubis","11":"product_tag-together","13":"first","14":"outofstock","15":"shipping-taxable","16":"purchasable","17":"product-type-simple"},"_links":{"self":[{"href":"https:\/\/irena-joaillerie.ch\/fr\/wp-json\/wp\/v2\/product\/1052","targetHints":{"allow":["GET"]}}],"collection":[{"href":"https:\/\/irena-joaillerie.ch\/fr\/wp-json\/wp\/v2\/product"}],"about":[{"href":"https:\/\/irena-joaillerie.ch\/fr\/wp-json\/wp\/v2\/types\/product"}],"wp:featuredmedia":[{"embeddable":true,"href":"https:\/\/irena-joaillerie.ch\/fr\/wp-json\/wp\/v2\/media\/1057"}],"wp:attachment":[{"href":"https:\/\/irena-joaillerie.ch\/fr\/wp-json\/wp\/v2\/media?parent=1052"}],"wp:term":[{"taxonomy":"product_brand","embeddable":true,"href":"https:\/\/irena-joaillerie.ch\/fr\/wp-json\/wp\/v2\/product_brand?post=1052"},{"taxonomy":"product_cat","embeddable":true,"href":"https:\/\/irena-joaillerie.ch\/fr\/wp-json\/wp\/v2\/product_cat?post=1052"},{"taxonomy":"product_tag","embeddable":true,"href":"https:\/\/irena-joaillerie.ch\/fr\/wp-json\/wp\/v2\/product_tag?post=1052"}],"curies":[{"name":"wp","href":"https:\/\/api.w.org\/{rel}","templated":true}]}}