{"id":1045,"date":"2022-06-08T13:09:40","date_gmt":"2022-06-08T13:09:40","guid":{"rendered":"https:\/\/irena-joaillerie.ch\/fr\/?post_type=product&#038;p=1045"},"modified":"2023-09-12T12:47:13","modified_gmt":"2023-09-12T12:47:13","slug":"bague-prince","status":"publish","type":"product","link":"https:\/\/irena-joaillerie.ch\/fr\/shop\/bague-prince\/","title":{"rendered":"Bague \u00ab\u00a0Prince\u00a0\u00bb or jaune 18k tsavorites"},"content":{"rendered":"<p>Emerveillez-vous en observant dans la nature ces adorables petits \u00eatres qui enchantent nos jardins.<\/p>\n<p>Nos bijoux sont enti\u00e8rement con\u00e7us et fabriqu\u00e9s dans nos ateliers genevois.<\/p>\n","protected":false},"excerpt":{"rendered":"<p>R\u00e9f.55 &#8211; Bague \u00ab\u00a0Fairy garden\u00a0\u00bb en or jaune 18k sertie de:<br \/>\n2 tsavorites 0.02ct.<br \/>\nPoids de l&rsquo;or: 7.15gr.<\/p>\n","protected":false},"featured_media":1048,"template":"","meta":[],"product_brand":[],"product_cat":[32],"product_tag":[86,96,55,48,97,79],"class_list":{"0":"post-1045","1":"product","2":"type-product","3":"status-publish","4":"has-post-thumbnail","6":"product_cat-bagues","7":"product_tag-bague","8":"product_tag-grenouille","9":"product_tag-ligne-fairy-garden","10":"product_tag-or-jaune","11":"product_tag-prince","12":"product_tag-tsavorites","14":"first","15":"instock","16":"shipping-taxable","17":"purchasable","18":"product-type-simple"},"_links":{"self":[{"href":"https:\/\/irena-joaillerie.ch\/fr\/wp-json\/wp\/v2\/product\/1045","targetHints":{"allow":["GET"]}}],"collection":[{"href":"https:\/\/irena-joaillerie.ch\/fr\/wp-json\/wp\/v2\/product"}],"about":[{"href":"https:\/\/irena-joaillerie.ch\/fr\/wp-json\/wp\/v2\/types\/product"}],"wp:featuredmedia":[{"embeddable":true,"href":"https:\/\/irena-joaillerie.ch\/fr\/wp-json\/wp\/v2\/media\/1048"}],"wp:attachment":[{"href":"https:\/\/irena-joaillerie.ch\/fr\/wp-json\/wp\/v2\/media?parent=1045"}],"wp:term":[{"taxonomy":"product_brand","embeddable":true,"href":"https:\/\/irena-joaillerie.ch\/fr\/wp-json\/wp\/v2\/product_brand?post=1045"},{"taxonomy":"product_cat","embeddable":true,"href":"https:\/\/irena-joaillerie.ch\/fr\/wp-json\/wp\/v2\/product_cat?post=1045"},{"taxonomy":"product_tag","embeddable":true,"href":"https:\/\/irena-joaillerie.ch\/fr\/wp-json\/wp\/v2\/product_tag?post=1045"}],"curies":[{"name":"wp","href":"https:\/\/api.w.org\/{rel}","templated":true}]}}