{"id":1269,"date":"2022-06-21T11:46:15","date_gmt":"2022-06-21T11:46:15","guid":{"rendered":"https:\/\/irena-joaillerie.ch\/?page_id=1269"},"modified":"2022-06-21T12:35:06","modified_gmt":"2022-06-21T12:35:06","slug":"conditions-generales-de-vente","status":"publish","type":"page","link":"https:\/\/irena-joaillerie.ch\/fr\/conditions-generales-de-vente\/","title":{"rendered":"Conditions g\u00e9n\u00e9rales de vente"},"content":{"rendered":"\t\t<div data-elementor-type=\"wp-page\" data-elementor-id=\"1269\" class=\"elementor elementor-1269\" data-elementor-post-type=\"page\">\n\t\t\t\t\t\t<section class=\"elementor-section elementor-top-section elementor-element elementor-element-4a0f313 elementor-section-boxed elementor-section-height-default elementor-section-height-default\" data-id=\"4a0f313\" data-element_type=\"section\" data-settings=\"{&quot;jet_parallax_layout_list&quot;:[],&quot;background_background&quot;:&quot;classic&quot;,&quot;animation&quot;:&quot;none&quot;}\">\n\t\t\t\t\t\t<div class=\"elementor-container elementor-column-gap-default\">\n\t\t\t\t\t<div class=\"elementor-column elementor-col-100 elementor-top-column elementor-element elementor-element-6bcce07\" data-id=\"6bcce07\" data-element_type=\"column\">\n\t\t\t<div class=\"elementor-widget-wrap elementor-element-populated\">\n\t\t\t\t\t\t<div class=\"elementor-element elementor-element-42df163 elementor-widget elementor-widget-heading\" data-id=\"42df163\" data-element_type=\"widget\" data-widget_type=\"heading.default\">\n\t\t\t\t<div class=\"elementor-widget-container\">\n\t\t\t<style>\/*! elementor - v3.22.0 - 26-06-2024 *\/\n.elementor-heading-title{padding:0;margin:0;line-height:1}.elementor-widget-heading .elementor-heading-title[class*=elementor-size-]>a{color:inherit;font-size:inherit;line-height:inherit}.elementor-widget-heading .elementor-heading-title.elementor-size-small{font-size:15px}.elementor-widget-heading .elementor-heading-title.elementor-size-medium{font-size:19px}.elementor-widget-heading .elementor-heading-title.elementor-size-large{font-size:29px}.elementor-widget-heading .elementor-heading-title.elementor-size-xl{font-size:39px}.elementor-widget-heading .elementor-heading-title.elementor-size-xxl{font-size:59px}<\/style><h1 class=\"elementor-heading-title elementor-size-default\">Conditions g\u00e9n\u00e9rales de vente<\/h1>\t\t<\/div>\n\t\t\t\t<\/div>\n\t\t\t\t<div class=\"elementor-element elementor-element-e0b2f4f elementor-invisible elementor-widget elementor-widget-text-editor\" data-id=\"e0b2f4f\" data-element_type=\"widget\" data-settings=\"{&quot;_animation&quot;:&quot;fadeInUp&quot;}\" data-widget_type=\"text-editor.default\">\n\t\t\t\t<div class=\"elementor-widget-container\">\n\t\t\t<style>\/*! elementor - v3.22.0 - 26-06-2024 *\/\n.elementor-widget-text-editor.elementor-drop-cap-view-stacked .elementor-drop-cap{background-color:#69727d;color:#fff}.elementor-widget-text-editor.elementor-drop-cap-view-framed .elementor-drop-cap{color:#69727d;border:3px solid;background-color:transparent}.elementor-widget-text-editor:not(.elementor-drop-cap-view-default) .elementor-drop-cap{margin-top:8px}.elementor-widget-text-editor:not(.elementor-drop-cap-view-default) .elementor-drop-cap-letter{width:1em;height:1em}.elementor-widget-text-editor .elementor-drop-cap{float:left;text-align:center;line-height:1;font-size:50px}.elementor-widget-text-editor .elementor-drop-cap-letter{display:inline-block}<\/style>\t\t\t\t<h2>ARTICLE 1 : APPLICATIONS DES CONDITIONS<\/h2><p>Le Vendeur est d\u00e9fini ci-dessous comme \u00e9tant Irena Joaillerie, dont le si\u00e8ge est situ\u00e9 \u00e0 Gen\u00e8ve, Suisse. L\u2019Acheteur est d\u00e9fini ci-dessous comme \u00e9tant toute personne physique ou morale, soci\u00e9t\u00e9, entreprise, association, particuliers utilisant le site Irena Joaillerie signataire et acceptant les pr\u00e9sentes conditions g\u00e9n\u00e9rales de vente. Les conditions g\u00e9n\u00e9rales de vente s\u2019appliquent de fa\u00e7on exclusive \u00e0 toutes les ventes conclues par Irena Joaillerie tant pour son propre compte que pour celui de ses commettants. Toutes autres conditions n\u2019engagent le Vendeur qu\u2019apr\u00e8s confirmation \u00e9crite de sa part. Les renseignements donn\u00e9s sur le site Irena Joaillerie pour les informations, photographies, prix, notes, etc. ne sont donn\u00e9s qu\u2019\u00e0 titre indicatif et peuvent, \u00e0 ce titre, \u00eatre modifi\u00e9s par le Vendeur sans pr\u00e9avis. Le seul fait de passer commande ou d\u2019accepter une offre du Vendeur comporte l\u2019acceptation sans r\u00e9serve des pr\u00e9sentes conditions g\u00e9n\u00e9rales de vente. Les pr\u00e9sentes conditions g\u00e9n\u00e9rales de vente peuvent \u00eatre modifi\u00e9es \u00e0 tout moment et sans pr\u00e9avis par Irena Joaillerie, les modifications \u00e9tant alors applicables \u00e0 toutes commandes post\u00e9rieures. Le Vendeur peut \u00eatre amen\u00e9 \u00e0 modifier ponctuellement certaines dispositions de ses conditions g\u00e9n\u00e9rales de vente, aussi le Vendeur conseille imp\u00e9rativement \u00e0 l\u2019Acheteur que celle-ci soit relue avant chaque validation de commande. L\u2019Acheteur reconna\u00eet \u00eatre parfaitement inform\u00e9 du fait que son accord concernant le contenu des pr\u00e9sentes conditions g\u00e9n\u00e9rales de vente ne n\u00e9cessite pas la signature manuscrite ou \u00e9lectronique de ce document, dans la mesure o\u00f9 l\u2019Acheteur souhaite commander les produits pr\u00e9sent\u00e9s dans le cadre de la boutique en ligne Irena Joaillerie. L\u2019Acheteur est r\u00e9put\u00e9 accepter sans r\u00e9serve l\u2019int\u00e9gralit\u00e9 des dispositions pr\u00e9vues dans ces pr\u00e9sentes conditions g\u00e9n\u00e9rales de vente.<\/p><h2>ARTICLE 2 : COMMANDES<\/h2><p>Les offres sont valables dans la limite des stocks disponibles. En cas de devis, l\u2019offre restera valable sept jours francs sauf stipulations contraires port\u00e9es sur celle-ci. Les informations et photographies contenues sur le site ne sont pas contractuelles et peuvent contenir des erreurs.\u00a0<\/p><h3>2-1 : Description des produits<\/h3><p>Les caract\u00e9ristiques essentielles des produits sont indiqu\u00e9es dans la fiche produit, contenant en g\u00e9n\u00e9ral une photographie du produit et indiquant ses particularit\u00e9s. Les photographies illustrant, \u00e0 l\u2019appui du texte, les produits n\u2019entrent pas dans le champ contractuel. Si des erreurs s\u2019y sont introduites, en aucun cas la responsabilit\u00e9 de Irena Joaillerie ne pourra \u00eatre engag\u00e9e. La fiche d\u00e9taill\u00e9e du produit est la seule source contractuelle. Nos fournisseurs peuvent changer sans pr\u00e9avis la composition technique des produits. Le Vendeur est \u00e0 tout moment en droit de r\u00e9actualiser, d\u2019am\u00e9liorer ses fiches techniques ou de retirer de la vente ses produits et\/ou produits p\u00e9riph\u00e9riques.<\/p><h3>2-2 : Disponibilit\u00e9s des produits<\/h3><p>Les offres sur Irena Joaillerie sont valables sous r\u00e9serve de disponibilit\u00e9s chez les fournisseurs. Le Vendeur s&rsquo;engage \u00e0 informer l&rsquo;Acheteur par e-mail dans les huit jours et \u00e0 indiquer un d\u00e9lai d\u2019attente pour une r\u00e9ception de ce produit en cas de disponibilit\u00e9 apr\u00e8s passation de la commande. En cas d\u2019indisponibilit\u00e9 partielle des produits, Irena Joaillerie pourra \u00eatre amen\u00e9 \u00e0 scinder la commande. Ainsi les produits disponibles pourront \u00eatre envoy\u00e9s lorsque l\u2019ensemble des autres produits seront disponibles. En cas d\u2019indisponibilit\u00e9 d\u2019un produit command\u00e9, notamment du fait des fournisseurs de Irena Joaillerie, l\u2019Acheteur en sera inform\u00e9 au plus t\u00f4t et aura la possibilit\u00e9 d\u2019annuler sa commande. L\u2019Acheteur aura alors le choix de demander le remboursement des sommes vers\u00e9es dans les 30 jours au plus tard de leur versement, soit d\u2019attendre la disponibilit\u00e9 et la livraison des produits.<\/p><h3>2-3 : Conclusion de la commande<\/h3><p>La commande ne sera d\u00e9finitivement enregistr\u00e9e qu\u2019apr\u00e8s renseignements des diff\u00e9rentes informations et validation finale de l&rsquo;Acheteur. Lorsque l&rsquo;Acheteur enregistre la commande en utilisant le mode de r\u00e8glement en ligne, la vente est r\u00e9put\u00e9e conclue. La validation de l\u2019Acheteur au titre de la commande constitue une signature \u00e9lectronique qui a valeur, entre les parties, d\u2019une signature manuscrite. Le Vendeur se r\u00e9serve le droit d\u2019annuler ou de refuser toute commande d\u2019un Acheteur avec lequel il existerait un litige relatif au paiement d\u2019une commande ant\u00e9rieure.<\/p><p>\u00c0 partir du moment o\u00f9 l\u2019Acheteur \u00e0 valid\u00e9 sa commande par le r\u00e8glement par carte de cr\u00e9dit, il est consid\u00e9r\u00e9 comme ayant accept\u00e9 en connaissance de cause sans restriction ni r\u00e9serve les pr\u00e9sentes conditions g\u00e9n\u00e9rales de vente. La commande de l\u2019Acheteur devra \u00eatre confirm\u00e9e par Irena Joaillerie par l\u2019envoi d\u2019un e-mail et la vente ne sera consid\u00e9r\u00e9e comme d\u00e9finitive qu\u2019apr\u00e8s l\u2019envoi de cet e-mail de confirmation et encaissement de l\u2019int\u00e9gralit\u00e9 du prix. Le vendeur recommande \u00e0 l\u2019Acheteur de conserver ces informations sur un document papier ou \u00e9lectroniques.\u00a0<\/p><h2>ARTICLE 3 : PRIX<\/h2><p>Les prix figurant sur le site Irena Joaillerie sont indiqu\u00e9s en francs suisses (CHF), hors frais de livraisons et frais techniques \u00e9ventuels qui seront indiqu\u00e9s avant la validation de la commande. Les prix figurant sur la commande apr\u00e8s sa validation et son enregistrement sont fermes et d\u00e9finitifs. Si les prix baissent apr\u00e8s la commande de l&rsquo;Acheteur, Irena Joaillerie ne pourra en aucun cas d\u00e9dommager l&rsquo;Acheteur de la diff\u00e9rence. Si les prix augmentent, Irena Joaillerie s&rsquo;engage \u00e0 livrer \u00e0 l&rsquo;Acheteur au prix fix\u00e9 le jour de la commande. Les prix sont exprim\u00e9s avec la TVA Suisse incluse (7,7%). L\u2019encaissement de la totalit\u00e9 du montant de la commande sera effectu\u00e9 au moment de la validation de la commande ou en cas de paiement par virement, lors de sa r\u00e9ception.<\/p><h3>Article 3.1 Modalit\u00e9s de paiement<\/h3><p>Tous nos articles sont payables \u00e0 l&rsquo;avance. L&rsquo;Acheteur r\u00e8gle ses achats en ligne par carte de cr\u00e9dit \u00e0 travers la plateforme de paiement s\u00e9curis\u00e9e Stripe. Avec un accord pr\u00e9alable de Irena Joaillerie, l&rsquo;Acheteur peut demander de r\u00e9gler ses achats par le biais des moyens de paiement alternatifs suivants : ch\u00e8que bancaire ou postal accompagn\u00e9 d&rsquo;une copie de l&rsquo;e-mail de confirmation et re\u00e7u de Irena Joaillerie ; virement bancaire (les coordonn\u00e9es bancaires sont envoy\u00e9es par e-mail apr\u00e8s acceptation du mode paiement). La marchandise sera exp\u00e9di\u00e9e d\u00e8s confirmation de la somme cr\u00e9dit\u00e9e sur le compte bancaire de Irena Joaillerie.\u00a0<\/p><h2>ARTICLE 4 : LIVRAISON<\/h2><p>Les produits sont livr\u00e9s \u00e0 l\u2019adresse indiqu\u00e9e par l\u2019Acheteur \u00e0 la commande. Il doit v\u00e9rifier l\u2019exhaustivit\u00e9 et la conformit\u00e9 des renseignements qu\u2019il a fournis. Nos d\u00e9lais de livraison sont indiqu\u00e9s \u00e0 titre indicatif et un retard de livraison ne peut en aucun cas donner droit \u00e0 quelques indemnit\u00e9 ou p\u00e9nalit\u00e9 que ce soit. Le vendeur invite l&rsquo;Acheteur \u00e0 lui signaler toute livraison sup\u00e9rieure \u00e0 sept jours afin de permettre de d\u00e9marrer une enqu\u00eate aupr\u00e8s du transporteur. Les d\u00e9lais d\u2019enqu\u00eate peuvent varier d\u2019une \u00e0 trois semaines, selon le transporteur. Si pendant le d\u00e9lai de l\u2019enqu\u00eate, le colis est retrouv\u00e9, il sera achemin\u00e9 imm\u00e9diatement au lieu de livraison indiqu\u00e9e par l&rsquo;Acheteur. Durant cette p\u00e9riode d\u2019enqu\u00eate, aucun remboursement, avoir ni renvoi de marchandises de remplacement ne pourra \u00eatre effectu\u00e9.\u00a0<\/p><h2>ARTICLE 5 : TRANSPORT<\/h2><p>Sauf convention expresse et contraire, Irena Joaillerie choisit librement le transporteur. Le Vendeur supporte les risques li\u00e9s au transport jusqu\u2019\u00e0 la livraison, c&rsquo;est-\u00e0-dire jusqu\u2019\u00e0 la remise physique de la marchandise au destinataire indiqu\u00e9 au moment de la commande.<\/p><p>l&rsquo;Acheteur doit refuser la livraison si le colis ou la marchandise est abim\u00e9, manquant ou si le colis a \u00e9t\u00e9 ouvert ou reconditionn\u00e9. En cas de perte ou d\u2019avarie, l&rsquo;Acheteur doit \u00e9mettre des r\u00e9serves \u00e9crites pr\u00e9cises et d\u00e9taill\u00e9es sur le bon de transport en pr\u00e9sence de l&#8217;employ\u00e9 de la soci\u00e9t\u00e9 responsable de la livraison. l&rsquo;Acheteur doit ensuite adresser \u00e0 ladite soci\u00e9t\u00e9 une lettre recommand\u00e9e avec accus\u00e9 r\u00e9ception reprenant les r\u00e9serves dans les trois jours suivant la livraison. L&rsquo;Acheteur est invit\u00e9 \u00e0 contacter Irena Joaillerie \u00e0 l&rsquo;adresse info@irena-joaillerie.com pour une aide dans ces d\u00e9marches. La marchandise accept\u00e9e sans r\u00e9serve par l\u2019Acheteur au moment de la livraison et\/ou \u00e0 d\u00e9faut de courrier adress\u00e9 au transporteur dans les trois jours, est r\u00e9put\u00e9e arriv\u00e9e en bon \u00e9tat et dans son int\u00e9gralit\u00e9. Aucune r\u00e9clamation ne pourra \u00eatre prise en charge par Irena Joaillerie et sa responsabilit\u00e9 ne saurait \u00eatre engag\u00e9e.<\/p><h2>ARTICLE 6 : RETOURS, R\u00c9CLAMATIONS, GARANTIES<\/h2><p>L\u2019Acheteur particulier dispose d\u2019un d\u00e9lai de r\u00e9tractation de sept jours francs. Le d\u00e9lai mentionn\u00e9 court \u00e0 compter de la r\u00e9ception pour les biens ou de l&rsquo;acceptation de l&rsquo;offre pour les prestations de services. Si l&rsquo;Acheteur re\u00e7oit un colis d\u00e9fectueux, Irena Joaillerie invite l&rsquo;Acheteur, dans le d\u00e9lai de sept jours, \u00e0 envoyer un e-mail \u00e0 info@irena-joaillerie.com d\u00e9crivant le(s) d\u00e9faut(s) constat\u00e9(s).\u00a0<\/p><p>En cas d\u2019exercice du droit de r\u00e9tractation, Irena Joaillerie fera tous les efforts n\u00e9cessaires pour rembourser l\u2019Acheteur dans un d\u00e9lai de 15 jours par le m\u00eame canal de paiement, mais pas exclusivement, utilis\u00e9 par l&rsquo;Acheteur pour r\u00e9gler son achat. Aucun droit de r\u00e9tractation ne peut donner droit \u00e0 quelques indemnit\u00e9s ou p\u00e9nalit\u00e9s que ce soit.\u00a0<\/p><p>Tout retour de marchandise n\u00e9cessite un accord pr\u00e9alable de Irena Joaillerie qui peut \u00eatre obtenu en envoyant un email \u00e0 info@irena-joaillerie.com. \u00c0 d\u00e9faut d\u2019accord de retour, la marchandise sera retourn\u00e9e l&rsquo;Acheteur, \u00e0 ses frais, risques et p\u00e9rils, tous frais de transport, de stockage, de manutention \u00e9tant \u00e0 sa charge. L\u2019Acheteur dispose apr\u00e8s l\u2019obtention de l\u2019accord de retour d\u2019un d\u00e9lai de cinq jours pour effectuer le retour des marchandises chez Irena Joaillerie. Les marchandises doivent \u00eatre retourn\u00e9es imp\u00e9rativement avec une copie de la facture. Tout article doit \u00eatre retourn\u00e9 dans son emballage d\u2019origine, comporter l\u2019ensemble du produit et de ses accessoires et accompagn\u00e9 de tous les documents, bon de garantie (non rempli), notices, etc. Tout produit incomplet, abim\u00e9, endommag\u00e9 et\/ou l\u2019emballage d\u2019origine aura \u00e9t\u00e9 d\u00e9t\u00e9rior\u00e9, ne sera ni repris, ni \u00e9chang\u00e9, ni rembours\u00e9.\u00a0<\/p><p>Les colis retourn\u00e9s apr\u00e8s les d\u00e9lais mentionn\u00e9s ci-dessus ne pourront malheureusement pas \u00eatre pris en compte et ne seront par cons\u00e9quent ni repris, ni \u00e9chang\u00e9, ni rembours\u00e9.<\/p><p>L\u2019Acheteur est express\u00e9ment inform\u00e9 que Irena Joaillerie n\u2019est pas le producteur des produits pr\u00e9sent\u00e9s dans le cadre de son site. En cons\u00e9quence, en cas de dommages caus\u00e9s \u00e0 une personne ou \u00e0 un bien par un d\u00e9faut du produit, seule la responsabilit\u00e9 du fabricant de celui-ci pourra \u00eatre recherch\u00e9e par l\u2019Acheteur. Les marchandises que Irena Joaillerie commercialise en tant que revendeur suivent le r\u00e9gime de garantie du fabricant que Irena Joaillerie s&rsquo;engage \u00e0 respecter apr\u00e8s accord de ce dernier. Le fait d\u2019une r\u00e9clamation ne d\u00e9lie nullement l\u2019Acheteur de ses obligations de paiement de la facture dans les d\u00e9lais convenus. Le remboursement ou les avoirs \u00e9ventuels s\u2019\u00e9tablissent \u00e0 r\u00e9ception des marchandises dont le litige a \u00e9t\u00e9 dument constat\u00e9 et accept\u00e9 par Irena Joaillerie.<\/p><p>Les frais engag\u00e9s pour le retour des marchandises pour quelques raisons que ce soient sont \u00e0 la charge exclusive de l\u2019Acheteur. Aucun retour en port d\u00fb ne sera accept\u00e9. Les produits confectionn\u00e9s selon les sp\u00e9cifications de l\u2019acheteur ou personnalis\u00e9s (entre autres marquage, dessin, broderie, etc.) ne seront ni repris, ni \u00e9chang\u00e9s ni rembours\u00e9s. Aucune r\u00e9clamation ne peut donner droit \u00e0 quelques indemnit\u00e9 ou p\u00e9nalit\u00e9 que ce soit.<\/p><h2>ARTICLE 7 : MARQUAGE, DESSIN, PERSONNALISATION<\/h2><p>Dans certains cas un marquage peut \u00eatre effectu\u00e9 sur des produits command\u00e9s. Pour des raisons techniques, les quantit\u00e9s livr\u00e9es et factur\u00e9es peuvent varier de + ou \u2013 10% par rapport aux quantit\u00e9s command\u00e9es.\u00a0<\/p><p>La pr\u00e9paration des textes, dessins sera factur\u00e9e \u00e0 l&rsquo;Acheteur sur la base en vigueur au jour de la commande par textes ou dessins diff\u00e9rents. Cette facturation s\u2019entend pour chaque commande ou renouvellement de commande. Avant le marquage d\u00e9finitif des produits command\u00e9s, un \u00ab Bon \u00e0 tirer \u00bb sera soumis \u00e0 l&rsquo;Acheteur pour acceptation. L\u2019acceptation de ce \u00ab Bon \u00e0 tirer \u00bb d\u00e9gage Irena Joaillerie de toute responsabilit\u00e9 sur l&rsquo;exactitude des marquages.\u00a0<\/p><p>Les d\u00e9lais de livraison ne sont confirm\u00e9s qu\u2019apr\u00e8s r\u00e9ception du \u00ab Bon \u00e0 tirer \u00bb accept\u00e9 par l\u2019Acheteur. Le Vendeur d\u00e9cline toutes responsabilit\u00e9s sur la propri\u00e9t\u00e9 des marquages reproduits pour le compte de l\u2019Acheteur. Avec ou sans indication, il appartient \u00e0 l&rsquo;Acheteur de faire les recherches d\u2019ant\u00e9riorit\u00e9 utiles et de s\u2019assurer qu\u2019elles n\u2019ont pas de similitude avec celle d\u00e9j\u00e0 existante. En cons\u00e9quence, tout dommage direct ou indirect que le Vendeur peut subir du fait du non-respect par l\u2019Acheteur des droits d\u2019autrui devra \u00eatre support\u00e9 et r\u00e9par\u00e9 par l\u2019Acheteur.<\/p><h2>ARTICLE 8 : PROPRI\u00c9T\u00c9 INTELLECTUELLE<\/h2><p>Tous les \u00e9l\u00e9ments du site Irena Joaillerie, qu\u2019ils soient visuels ou sonores, les textes, mises en pages, illustrations, photographies, documents et autres \u00e9l\u00e9ments, y compris la technologie sous-jacente, sont prot\u00e9g\u00e9s par le droit d\u2019auteur, des marques et des brevets. Ils sont la propri\u00e9t\u00e9 exclusive de leurs ayants droit respectifs ou de Irena Joaillerie. Toute copie, adaptation, traduction, repr\u00e9sentation ou modification de tout ou partie du site est strictement interdite, sans l\u2019accord pr\u00e9alable \u00e9crit de Irena Joaillerie. Toute reproduction, m\u00eame partielle, des \u00e9l\u00e9ments du site Irena Joaillerie sans l\u2019accord \u00e9crit de notre part est interdite et constituerait une contrefa\u00e7on sanctionn\u00e9e par le Code p\u00e9nal.<\/p><h2>ARTICLE 9 : RESPECT DE LA VIE PRIV\u00c9E<\/h2><p>Les informations qui sont demand\u00e9es \u00e0 l\u2019Acheteur sont n\u00e9cessaires au traitement de sa commande et pourront \u00eatre communiqu\u00e9es aux partenaires contractuels de Irena Joaillerie intervenant dans le cadre de l\u2019ex\u00e9cution de cette commande. Le paiement par carte de cr\u00e9dit est assur\u00e9 par Stripe reconnu pour leur fiabilit\u00e9 en mati\u00e8re de transactions sur Internet. Les informations de paiement donn\u00e9es par l&rsquo;Acheteur sont crypt\u00e9es (SSL) entre les serveurs de Stripe et l&rsquo;ordinateur de l&rsquo;Acheteur et ne circuleront jamais en clair sur Internet. Aucun num\u00e9ro de carte bancaire n&rsquo;est stock\u00e9 chez Irena Joaillerie.<\/p><p>Conform\u00e9ment \u00e0 la l\u00e9gislation Suisse sur le droit des consommateurs, l&rsquo;Acheteur dispose d&rsquo;un droit d&rsquo;acc\u00e8s, de rectification, de modification et de suppression concernant les donn\u00e9es qui le concernent. Si l&rsquo;Acheteur souhaite user de ce droit, il suffit de faire la demande par email \u00e0 info@irena-joaillerie.com..<\/p><h2>ARTICLE 10 : PROBL\u00c8MES INFORMATIQUES<\/h2><p>L\u2019acheteur conna\u00eet les caract\u00e9ristiques du r\u00e9seau informatique internet et notamment la possibilit\u00e9 d\u2019interruption de liaison, de pannes de serveurs, de probl\u00e8mes \u00e9lectriques ou autres (la liste n\u2019\u00e9tant pas limitative) Irena Joaillerie ne pourra \u00eatre tenu responsable des cons\u00e9quences de tels \u00e9v\u00e9nements et sera lib\u00e9r\u00e9 de toute obligation envers l\u2019Acheteur. Aucune r\u00e9clamation ne peut donner droit \u00e0 quelques indemnit\u00e9 ou p\u00e9nalit\u00e9 que ce soit.<\/p><h2>ARTICLE 11 : NON-VALIDATION PARTIELLE<\/h2><p>Si une ou plusieurs stipulations des pr\u00e9sentes conditions g\u00e9n\u00e9rales de vente sont tenues pour non valides ou d\u00e9clar\u00e9s tels en application d\u2019une loi, d\u2019un d\u00e9cret, d\u2019un r\u00e8glement ou \u00e0 la suite d\u2019une d\u00e9cision d\u00e9finitive d\u2019une juridiction comp\u00e9tente, les autres stipulations garderont toute leur force et leur port\u00e9e.<\/p><h2>ARTICLE 12 : LOI APPLICABLE<\/h2><p>Les pr\u00e9sentes conditions g\u00e9n\u00e9rales de vente sont soumises \u00e0 la loi Suisse. L\u2019application de la convention de Vienne sur la vente internationale de marchandises est express\u00e9ment \u00e9cart\u00e9e. Les registres et fichiers informatis\u00e9s de Irena Joaillerie seront consid\u00e9r\u00e9s par les parties comme preuve des communications, commandes, paiements et transactions intervenus entre les parties, sauf \u00e0 preuve du contraire. Tous diff\u00e9rents relatifs \u00e0 la formation, l\u2019ex\u00e9cution et cessation des obligations contractuelles entre les parties ne pouvant donner lieu \u00e0 un r\u00e8glement \u00e0 l\u2019amiable seront soumis aux tribunaux de Gen\u00e8ve. Le fait pour Irena Joaillerie de ne pas se pr\u00e9valoir \u00e0 un moment donn\u00e9 de l\u2019une des clauses des pr\u00e9sentes conditions g\u00e9n\u00e9rales de vente, ne peut valoir d\u00e9nonciation \u00e0 se pr\u00e9valoir ult\u00e9rieurement de ces m\u00eames clauses.<\/p>\t\t\t\t\t\t<\/div>\n\t\t\t\t<\/div>\n\t\t\t\t\t<\/div>\n\t\t<\/div>\n\t\t\t\t\t<\/div>\n\t\t<\/section>\n\t\t\t\t<\/div>\n\t\t","protected":false},"excerpt":{"rendered":"<p>Conditions g\u00e9n\u00e9rales de vente ARTICLE 1 : APPLICATIONS DES CONDITIONS Le Vendeur est d\u00e9fini ci-dessous comme \u00e9tant Irena Joaillerie, dont le si\u00e8ge est situ\u00e9 \u00e0 Gen\u00e8ve, Suisse. L\u2019Acheteur est d\u00e9fini ci-dessous comme \u00e9tant toute personne physique ou morale, soci\u00e9t\u00e9, entreprise, association, particuliers utilisant le site Irena Joaillerie signataire et acceptant les pr\u00e9sentes conditions g\u00e9n\u00e9rales de [&hellip;]<\/p>\n","protected":false},"author":1,"featured_media":0,"parent":0,"menu_order":0,"comment_status":"closed","ping_status":"closed","template":"","meta":{"footnotes":""},"class_list":["post-1269","page","type-page","status-publish","hentry"],"_links":{"self":[{"href":"https:\/\/irena-joaillerie.ch\/fr\/wp-json\/wp\/v2\/pages\/1269","targetHints":{"allow":["GET"]}}],"collection":[{"href":"https:\/\/irena-joaillerie.ch\/fr\/wp-json\/wp\/v2\/pages"}],"about":[{"href":"https:\/\/irena-joaillerie.ch\/fr\/wp-json\/wp\/v2\/types\/page"}],"author":[{"embeddable":true,"href":"https:\/\/irena-joaillerie.ch\/fr\/wp-json\/wp\/v2\/users\/1"}],"replies":[{"embeddable":true,"href":"https:\/\/irena-joaillerie.ch\/fr\/wp-json\/wp\/v2\/comments?post=1269"}],"version-history":[{"count":7,"href":"https:\/\/irena-joaillerie.ch\/fr\/wp-json\/wp\/v2\/pages\/1269\/revisions"}],"predecessor-version":[{"id":1279,"href":"https:\/\/irena-joaillerie.ch\/fr\/wp-json\/wp\/v2\/pages\/1269\/revisions\/1279"}],"wp:attachment":[{"href":"https:\/\/irena-joaillerie.ch\/fr\/wp-json\/wp\/v2\/media?parent=1269"}],"curies":[{"name":"wp","href":"https:\/\/api.w.org\/{rel}","templated":true}]}}